{"id":307,"date":"2020-07-05T10:08:27","date_gmt":"2020-07-05T09:08:27","guid":{"rendered":"http:\/\/kjp-praxis-bonn.de\/?page_id=307"},"modified":"2021-01-05T11:08:03","modified_gmt":"2021-01-05T10:08:03","slug":"psychotherapie","status":"publish","type":"page","link":"https:\/\/kjp-praxis-bonn.de\/?page_id=307","title":{"rendered":"Psychotherapie"},"content":{"rendered":"<p>[et_pb_section fb_built=&#8220;1&#8243; custom_padding_last_edited=&#8220;on|phone&#8220; admin_label=&#8220;Hero&#8220; _builder_version=&#8220;4.4.3&#8243; use_background_color_gradient=&#8220;on&#8220; background_color_gradient_start=&#8220;rgba(49,128,192,0.2)&#8220; background_color_gradient_end=&#8220;rgba(49,128,192,0.6)&#8220; background_color_gradient_overlays_image=&#8220;on&#8220; background_enable_image=&#8220;off&#8220; custom_margin=&#8220;|5vw||&#8220; custom_padding=&#8220;10vw||10vw||true|false&#8220; custom_padding_tablet=&#8220;100px||100px|&#8220; custom_padding_phone=&#8220;|||&#8220; animation_style=&#8220;slide&#8220; animation_direction=&#8220;left&#8220; animation_intensity_slide=&#8220;5%&#8220; border_radii=&#8220;|||30vw|&#8220; border_color_all=&#8220;#0ee1f4&#8243; border_width_right=&#8220;2vw&#8220; box_shadow_style=&#8220;preset4&#8243; box_shadow_horizontal=&#8220;20px&#8220; box_shadow_vertical=&#8220;0px&#8220; box_shadow_color=&#8220;rgba(14,225,244,0.33)&#8220;][et_pb_row _builder_version=&#8220;3.25&#8243; custom_padding=&#8220;0|0px|27px|0px&#8220;][et_pb_column type=&#8220;4_4&#8243; _builder_version=&#8220;3.25&#8243; custom_padding=&#8220;|||&#8220; custom_padding__hover=&#8220;|||&#8220;][et_pb_text admin_label=&#8220;Text&#8220; _builder_version=&#8220;3.27.4&#8243; text_font=&#8220;Montserrat|300|||||||&#8220; text_font_size=&#8220;22px&#8220; text_line_height=&#8220;1.8em&#8220; ul_font=&#8220;||||||||&#8220; header_font=&#8220;Montserrat|500|||||||&#8220; header_font_size=&#8220;5vw&#8220; header_line_height=&#8220;1.2em&#8220; text_orientation=&#8220;center&#8220; background_layout=&#8220;dark&#8220; module_alignment=&#8220;center&#8220; text_line_height_tablet=&#8220;2em&#8220; text_line_height_phone=&#8220;2em&#8220; text_line_height_last_edited=&#8220;off|desktop&#8220; header_font_size_tablet=&#8220;40px&#8220; header_font_size_phone=&#8220;&#8220; header_font_size_last_edited=&#8220;on|tablet&#8220; header_line_height_tablet=&#8220;1.2em&#8220; header_line_height_phone=&#8220;1.1em&#8220; header_line_height_last_edited=&#8220;on|phone&#8220; header_text_shadow_style=&#8220;preset3&#8243; header_text_shadow_color=&#8220;rgba(0,0,0,0.06)&#8220;]<\/p>\n<h1>Psychotherapie<\/h1>\n<p><strong>Verhaltenstherapie<\/strong><\/p>\n<p>[\/et_pb_text][\/et_pb_column][\/et_pb_row][\/et_pb_section][et_pb_section fb_built=&#8220;1&#8243; admin_label=&#8220;Why Us&#8220; _builder_version=&#8220;3.22&#8243; custom_padding=&#8220;100px|0px|0px|0px|false|false&#8220;][et_pb_row _builder_version=&#8220;4.4.3&#8243;][et_pb_column type=&#8220;4_4&#8243; _builder_version=&#8220;4.4.3&#8243;][et_pb_text _builder_version=&#8220;4.4.3&#8243;]<\/p>\n<p><strong>Das Behandlungsangebot f\u00fcr Kinder, Jugendliche und junge Erwachsene<\/strong><\/p>\n<p>&nbsp;<\/p>\n<p>W\u00e4hrend der Entwicklung Kind zum Erwachsenen begegnen wir vom einer Vielzahl von Herausforderungen. Bei Bew\u00e4ltigungsschwierigkeiten reagieren manche Kinder und Jugendliche mit psychischen Symptomen. Auff\u00e4lligkeiten k\u00f6nnen jedoch auch ohne erkennbaren Anlass entstehen.<\/p>\n<p>Geben das sichtbare Verhalten und das Erleben \u00fcber l\u00e4ngere Zeit Anlass zur Sorge, kann dies auf eine psychische St\u00f6rung hinweisen. In der Praxis k\u00f6nnen psychische St\u00f6rungen des Kindes- und Jugendalters umfassend und kompetent abgekl\u00e4rt und behandelt werden.<span style=\"font-size: 16px;\">\u00a0<\/span><\/p>\n<p>Die Behandlungskosten f\u00fcr Psychotherapie werden f\u00fcr das zugelassenen Verfahren der Verhaltenstherapie von den Privaten Krankenversicherungen und der Beihilfe \u00fcbernommen.<\/p>\n<p>Privatbehandlungen f\u00fcr Selbstzahler sind m\u00f6glich.\u00a0<\/p>\n<p>&nbsp;<\/p>\n<p>&nbsp;<\/p>\n<p>[\/et_pb_text][\/et_pb_column][\/et_pb_row][\/et_pb_section]<\/p>\n","protected":false},"excerpt":{"rendered":"<p>[et_pb_section fb_built=&#8220;1&#8243; custom_padding_last_edited=&#8220;on|phone&#8220; admin_label=&#8220;Hero&#8220; _builder_version=&#8220;4.4.3&#8243; use_background_color_gradient=&#8220;on&#8220; background_color_gradient_start=&#8220;rgba(49,128,192,0.2)&#8220; background_color_gradient_end=&#8220;rgba(49,128,192,0.6)&#8220; background_color_gradient_overlays_image=&#8220;on&#8220; background_enable_image=&#8220;off&#8220; custom_margin=&#8220;|5vw||&#8220; custom_padding=&#8220;10vw||10vw||true|false&#8220; custom_padding_tablet=&#8220;100px||100px|&#8220; custom_padding_phone=&#8220;|||&#8220; animation_style=&#8220;slide&#8220; animation_direction=&#8220;left&#8220; animation_intensity_slide=&#8220;5%&#8220; border_radii=&#8220;|||30vw|&#8220; border_color_all=&#8220;#0ee1f4&#8243; border_width_right=&#8220;2vw&#8220; box_shadow_style=&#8220;preset4&#8243; box_shadow_horizontal=&#8220;20px&#8220; box_shadow_vertical=&#8220;0px&#8220; box_shadow_color=&#8220;rgba(14,225,244,0.33)&#8220;][et_pb_row _builder_version=&#8220;3.25&#8243; custom_padding=&#8220;0|0px|27px|0px&#8220;][et_pb_column type=&#8220;4_4&#8243; _builder_version=&#8220;3.25&#8243; custom_padding=&#8220;|||&#8220; custom_padding__hover=&#8220;|||&#8220;][et_pb_text admin_label=&#8220;Text&#8220; _builder_version=&#8220;3.27.4&#8243; text_font=&#8220;Montserrat|300|||||||&#8220; text_font_size=&#8220;22px&#8220; text_line_height=&#8220;1.8em&#8220; ul_font=&#8220;||||||||&#8220; header_font=&#8220;Montserrat|500|||||||&#8220; header_font_size=&#8220;5vw&#8220; header_line_height=&#8220;1.2em&#8220; text_orientation=&#8220;center&#8220; background_layout=&#8220;dark&#8220; module_alignment=&#8220;center&#8220; text_line_height_tablet=&#8220;2em&#8220; text_line_height_phone=&#8220;2em&#8220; text_line_height_last_edited=&#8220;off|desktop&#8220; header_font_size_tablet=&#8220;40px&#8220; header_font_size_phone=&#8220;&#8220; header_font_size_last_edited=&#8220;on|tablet&#8220; header_line_height_tablet=&#8220;1.2em&#8220; header_line_height_phone=&#8220;1.1em&#8220; header_line_height_last_edited=&#8220;on|phone&#8220; header_text_shadow_style=&#8220;preset3&#8243; header_text_shadow_color=&#8220;rgba(0,0,0,0.06)&#8220;] Psychotherapie Verhaltenstherapie [&hellip;]<\/p>\n","protected":false},"author":1,"featured_media":0,"parent":0,"menu_order":0,"comment_status":"closed","ping_status":"closed","template":"","meta":{"_et_pb_use_builder":"on","_et_pb_old_content":"","_et_gb_content_width":""},"_links":{"self":[{"href":"https:\/\/kjp-praxis-bonn.de\/index.php?rest_route=\/wp\/v2\/pages\/307"}],"collection":[{"href":"https:\/\/kjp-praxis-bonn.de\/index.php?rest_route=\/wp\/v2\/pages"}],"about":[{"href":"https:\/\/kjp-praxis-bonn.de\/index.php?rest_route=\/wp\/v2\/types\/page"}],"author":[{"embeddable":true,"href":"https:\/\/kjp-praxis-bonn.de\/index.php?rest_route=\/wp\/v2\/users\/1"}],"replies":[{"embeddable":true,"href":"https:\/\/kjp-praxis-bonn.de\/index.php?rest_route=%2Fwp%2Fv2%2Fcomments&post=307"}],"version-history":[{"count":11,"href":"https:\/\/kjp-praxis-bonn.de\/index.php?rest_route=\/wp\/v2\/pages\/307\/revisions"}],"predecessor-version":[{"id":584,"href":"https:\/\/kjp-praxis-bonn.de\/index.php?rest_route=\/wp\/v2\/pages\/307\/revisions\/584"}],"wp:attachment":[{"href":"https:\/\/kjp-praxis-bonn.de\/index.php?rest_route=%2Fwp%2Fv2%2Fmedia&parent=307"}],"curies":[{"name":"wp","href":"https:\/\/api.w.org\/{rel}","templated":true}]}}