{"id":352,"date":"2020-07-05T12:22:32","date_gmt":"2020-07-05T11:22:32","guid":{"rendered":"http:\/\/kjp-praxis-bonn.de\/?page_id=352"},"modified":"2020-10-11T15:28:40","modified_gmt":"2020-10-11T14:28:40","slug":"datenschutz","status":"publish","type":"page","link":"https:\/\/kjp-praxis-bonn.de\/?page_id=352","title":{"rendered":"Datenschutz"},"content":{"rendered":"\n\n\n\n[et_pb_section fb_built=&#8220;1&#8243; admin_label=&#8220;Hero&#8220; _builder_version=&#8220;3.22&#8243; custom_padding=&#8220;0|0px|54px|0px|false|false&#8220; bottom_divider_height=&#8220;0px&#8220;][et_pb_row column_structure=&#8220;1_2,1_2&#8243; _builder_version=&#8220;3.25&#8243; width=&#8220;100%&#8220; max_width=&#8220;100%&#8220; custom_margin=&#8220;|||&#8220; custom_margin_tablet=&#8220;||0px|&#8220; custom_margin_phone=&#8220;&#8220; custom_margin_last_edited=&#8220;on|desktop&#8220; custom_padding=&#8220;0|0px|27px|0px|false|false&#8220; use_custom_width=&#8220;on&#8220; width_unit=&#8220;off&#8220; custom_width_percent=&#8220;100%&#8220;][et_pb_column type=&#8220;1_2&#8243; _builder_version=&#8220;3.25&#8243; custom_padding=&#8220;6%||6%|12%&#8220; custom_padding_tablet=&#8220;50px|50px|50px|50px&#8220; custom_padding_phone=&#8220;&#8220; custom_padding_last_edited=&#8220;on|tablet&#8220; padding_tablet=&#8220;50px|50px|50px|50px&#8220; padding_last_edited=&#8220;on|tablet&#8220; custom_padding__hover=&#8220;|||&#8220;][et_pb_text _builder_version=&#8220;3.27.4&#8243; text_font=&#8220;Montserrat|300|||||||&#8220; text_text_color=&#8220;#677a92&#8243; text_font_size=&#8220;16px&#8220; text_line_height=&#8220;1.8em&#8220; header_font=&#8220;Montserrat||||||||&#8220; header_font_size=&#8220;50px&#8220; header_line_height=&#8220;1.3em&#8220; header_2_font=&#8220;||||||||&#8220; max_width=&#8220;600px&#8220; custom_margin=&#8220;|||&#8220; custom_margin_tablet=&#8220;0px|50px||50px&#8220; custom_margin_phone=&#8220;|20px||&#8220; custom_margin_last_edited=&#8220;off|desktop&#8220; custom_padding=&#8220;|||&#8220; text_line_height_tablet=&#8220;1.8em&#8220; text_line_height_phone=&#8220;1.8em&#8220; text_line_height_last_edited=&#8220;on|phone&#8220; header_font_size_tablet=&#8220;&#8220; header_font_size_phone=&#8220;36px&#8220; header_font_size_last_edited=&#8220;on|phone&#8220; header_2_font_size_phone=&#8220;30px&#8220; header_2_font_size_last_edited=&#8220;off|desktop&#8220; locked=&#8220;off&#8220;]<h1>Datenschutz<\/h1>[\/et_pb_text][et_pb_text _builder_version=&#8220;4.4.3&#8243; text_font=&#8220;Montserrat|300|||||||&#8220; text_font_size=&#8220;16px&#8220; text_line_height=&#8220;2em&#8220; link_font=&#8220;||||||||&#8220; ul_font=&#8220;||||||||&#8220; ol_font=&#8220;||||||||&#8220; quote_font=&#8220;||||||||&#8220; header_font=&#8220;||||||||&#8220; header_2_font=&#8220;Montserrat|300|||||||&#8220; header_2_text_color=&#8220;#212d3b&#8220; header_2_font_size=&#8220;40px&#8220; header_2_line_height=&#8220;1.5em&#8220; max_width=&#8220;600px&#8220; custom_margin=&#8220;||5px||false|false&#8220; custom_margin_tablet=&#8220;0px|50px||50px&#8220; custom_margin_last_edited=&#8220;off|desktop&#8220; custom_padding=&#8220;|||&#8220; hover_enabled=&#8220;0&#8243; locked=&#8220;off&#8220;]<p><strong>Datenschutz<\/strong><\/p>\n<p>Der Betreiber dieser Homepage, sch\u00fctze Ihre pers\u00f6nlichen Daten gewissenhaft und befolge dabei alle Bestimmungen der Datenschutzgesetze. Personenbezogene Daten werden auf dieser Webseite nur soweit erhoben, wie es technisch f\u00fcr statistische Zwecke notwendig ist. Ich werde die tempor\u00e4r gespeicherten Daten weder verkaufen noch aus anderen Gr\u00fcnden an Dritte weitergegeben.<\/p>\n<p>Sie k\u00f6nnen sich hier dar\u00fcber informieren, welche Daten erhoben werden, was ich mit diesen Daten mache und wie ich Ihren Schutz sicherstelle.<\/p>\n<p>Um als Patient\/in behandelt werden zu k\u00f6nnen sind weitere Informationen und Zustimmungen notwendig:<\/p>\n<p>Nach der Datenschutz-Grundverordnung (DSGVO) sind wir mit Wirkung zum 25.5.2018 verpflichtet, Sie dar\u00fcber zu informieren, zu welchem Zweck wir Ihre personenbezogenen Daten erheben, speichern und ggf. an Dritte weiterleiten und welche Rechte Ihnen bez\u00fcglich Ihrer Daten zustehen.<\/p>\n<p><strong>Informationen zur EU \u2013 DS-GVO und dem Bundesdatenschutzgesetz ab 25.5.2018<\/strong><\/p>\n<p>Vor Ihrer ersten Kontaktaufnahme sollten Sie die M\u00f6glichkeit genutzt haben sich hier zu informieren.<\/p>\n<p>Vor ihrer Behandlung erhalten Sie in der Praxis entsprechende Formulare zur Unterschrift, dass sie \u00fcber die DS \u2013 GVO Vorgaben informiert sind und der Erhebung und Verarbeitung der von Ihnen mitgeteilten Daten zustimmen. Nur dann ist eine Behandlung m\u00f6glich.<\/p>\n<p>Im Einzelnen f\u00fchren wir insofern wie folgt aus:<\/p>\n<p>Verantwortlich f\u00fcr die Verarbeitung der Patientendaten ist die Praxis Dr. Wolski mit der Sie Ihren Behandlungsvertrag geschlossen haben:<\/p>\n<ol>\n<li>Ihre personenbezogenen Daten werden zum Zwecke der heilkundlichen Datensicherung in den handschriftlichen Patientenakten gespeichert.<\/li>\n<li>Bei den Daten handelt es sich neben Ihren Kontaktdaten insbesondere um Gesundheitsdaten wie Anamnese, Medikation, Diagnosen, Therapievorschl\u00e4ge, Befunde usw.<\/li>\n<li>Auch andere Psychotherapeuten\/\u00c4rzte, bei denen sie sich in Behandlung befinden, k\u00f6nnen uns mit Ihrer Einwilligung zu diesem Zweck Daten zur Verf\u00fcgung stellen.<\/li>\n<li>Die Erhebung und Verarbeitung Ihrer personenbezogenen Daten ist auf der Grundlage des Behandlungsvertrages \/ Honorarvereinbarung und schriftlicher Zustimmung zur Erhebung der Daten nach DSGVO zwischen Ihnen und dem Praxisinhaber \u00a0eine notwendige Voraussetzung f\u00fcr eine ad\u00e4quate und sorgf\u00e4ltige Behandlung.<\/li>\n<\/ol>\n<p>Die \u00dcbermittlung der Daten durch uns an Dritte erfolgt nur, soweit es rechtlich zul\u00e4ssig, medizinisch notwendig ist bzw. Sie hierzu ausdr\u00fccklich eingewilligt haben.\u00a0Dritte in diesem Sinne k\u00f6nnen andere Leistungserbringer (\u00c4rzte\/Physiotherapeuten usw.) Krankenversicherungen oder auch eine Verrechnungsstelle sein.<\/p>\n<p>Bitte beachten Sie das wir f\u00fcr Ihre Nutzung von e-Mail Programmen, Smartphones, Apps und Co. keine Gew\u00e4hrleistung \u00fcbernehmen k\u00f6nnen. Mit Ihrer Kontaktaufnahme via e-Mail oder telefonisch stimmen Sie einer automatischen oder pers\u00f6nlichen Antwort zu.<\/p>\n<p>Die personenbezogenen Daten werden in der Praxis noch mindestens 10 Jahre nach Abschluss der Behandlung aufbewahrt (\u00a7 630 f BGB). Unter Umst\u00e4nden k\u00f6nnen sich nach anderen gesetzlichen Bestimmungen auch l\u00e4ngere Aufbewahrungsfristen ergeben. Rechtsgrundlage der Datenverarbeitung sind:<\/p>\n<ul>\n<li>Der Behandlungsvertrag zwischen Praxisinhaber und Patient,<\/li>\n<li>6 Abs. 1 b) Art. 9 Abs. 2 f), h) i.V. m. Abs. 3 DSGVO,<\/li>\n<li>3 22 Abs. 1 Nr. 1 b) BDSG und<\/li>\n<li>Die in diesem Zusammenhang von Ihnen angegebenen Einwilligungserkl\u00e4rungen.<\/li>\n<\/ul>\n<p>Ihnen stehen bez\u00fcglich Ihrer personenbezogenen Daten verschiedene Rechte zu:<\/p>\n<p>Sie k\u00f6nnen eine Auskunft \u00fcber die erhobenen Daten und die Berichtigung unrichtiger Daten verlangen. Unter bestimmten Voraussetzungen steht Ihnen auch das Recht auf L\u00f6schung der gespeicherten Daten zu. Auf die Einschr\u00e4nkung der Verarbeitung\/Sperrung der Daten haben Sie, soweit die Voraussetzungen gegeben sind, ebenfalls Anspruch.<\/p>\n<p>Soweit die Voraussetzungen daf\u00fcr erf\u00fcllt sind, steht Ihnen des Weiteren das Recht auf Daten\u00fcbertragbarkeit zu (sog. Recht auf Datenportabilit\u00e4t).Eine erteilte Einwilligung in die Datenverarbeitung k\u00f6nnen Sie jederzeit widerrufen. Durch den Widerruf der Einwilligung wird die Rechtm\u00e4\u00dfigkeit der aufgrund der Einwilligung bis zum Widerruf erfolgten Verarbeitung nicht ber\u00fchrt. N\u00e4heres zu diesem Widerrufsrecht l\u00e4sst sich dem jeweiligen Einwilligungs-Formular entnehmen. Bitte beachten Sie das eine weitere Behandlung dann nicht mehr durchgef\u00fchrt werden kann.<\/p>\n<p>Im Falle datenschutzrechtlicher Verst\u00f6\u00dfe steht dem Betroffenen ein Beschwerderecht bei der zust\u00e4ndigen Aufsichtsbeh\u00f6rde zu. Zust\u00e4ndige Aufsichtsbeh\u00f6rde in datenschutzrechtlichen Fragen ist der Landesdatenschutzbeauftragte des Bundeslandes, f\u00fcr K\u00f6ln ist NRW zust\u00e4ndig.\u00a0<\/p>\n<p><strong>Landesbeauftragte f\u00fcr Datenschutz und Informationsfreiheit Nordrhein-Westfalen\u00a0<\/strong><br \/><span>Nordrhein-Westfalen<\/span><br \/><span>Postfach 20 04 44<\/span><br \/><span>40102 D\u00fcsseldorf<\/span><\/p>\n<p><strong>Wie gehen wir mit Ihren Online-Daten um?<\/strong><\/p>\n<p>Diese Seite nutzt aus Sicherheitsgr\u00fcnden und zum Schutz der \u00dcbertragung vertraulicher Inhalte, wie zum Beispiel Bestellungen oder Anfragen, die Sie an uns als Seitenbetreiber senden, eine SSL-bzw. TLS-Verschl\u00fcsselung. Eine verschl\u00fcsselte Verbindung erkennen man daran, dass die Adresszeile des Browsers von \u201c<a href=\"https:\/\/deref-gmx.net\/mail\/client\/vzBGPCsHoEw\/dereferrer\/?redirectUrl=http%3A%2F%2Fxn--ivg%2F\">http:\/\/\u201d<\/a>\u00a0auf \u201c<a href=\"https:\/\/deref-gmx.net\/mail\/client\/vzBGPCsHoEw\/dereferrer\/?redirectUrl=https%3A%2F%2Fxn--ivg%2F\">https:\/\/\u201d<\/a>\u00a0wechselt und an dem Schloss-Symbol in Ihrer Browserzeile.<\/p>\n<p>Wenn die SSL- bzw. TLS-Verschl\u00fcsselung aktiviert ist, k\u00f6nnen die Daten, die Sie an uns \u00fcbermitteln, nicht von Dritten mitgelesen werden.<\/p>\n<p>Ihr Browser \u00fcbermittelt von sich aus automatisch die folgend aufgelisteten Daten, die wir ebenso automatisiert tempor\u00e4r in einer Datenbank auf unserem Server abspeichern:<\/p>\n<ul>\n<li>Browsertyp und Version<\/li>\n<li>Das von Ihnen verwendete Betriebssystem<\/li>\n<li>Referrer URL (die von Ihnen zuletzt besuchte Seite)<\/li>\n<li>Hostname des zugreifenden Rechners (IP Adresse)<\/li>\n<li>Uhrzeit des Aufrufs unserer Seite, je nach Einstellung auch der Tag.<\/li>\n<\/ul>\n<p>Wir k\u00f6nnen diese Daten nicht einzelnen Personen zuordnen, sie bleiben f\u00fcr uns anonym.<\/p>\n<p>Wir f\u00fchren diese Daten auch nicht mit Daten aus anderen Quellen zusammen, sie dienen ausschlie\u00dflich statistischen Zwecken, um die Besuchsh\u00e4ufigkeit und das Navigieren in dieser Homepage analysieren zu k\u00f6nnen, die Daten werden nach jeder statistischen Auswertung gel\u00f6scht.<\/p>\n<p><strong>Cookies<\/strong><\/p>\n<p>Wir verwenden so genannte Cookies. Das sind kleine Textdateien, die Ihnen das Navigieren auf unseren Seiten vereinfachen und zudem auch sicherer machen, wenn Sie sich auf unseren Seiten im Menu bewegen. Diese Dateien werden zun\u00e4chst vom Browser gespeichert und meistens sogar beim Schlie\u00dfen des Browsers gel\u00f6scht. Sie verursachen keinerlei Sch\u00e4den, werden auch nicht von uns zu irgendwelchen Zwecken genutzt, noch bei uns gespeichert und k\u00f6nnen von Ihnen jederzeit gel\u00f6scht werden.<\/p>\n<p>&nbsp;<\/p>\n<p><strong>Wie k\u00f6nnen Sie sich weiter informieren?<\/strong><\/p>\n<p>Sie k\u00f6nnen jederzeit alle \u00fcber sie aktuell gespeicherte Daten, historische Daten werden periodisch gel\u00f6scht, abfragen. Dabei k\u00f6nnen Sie die Herkunft der Daten erfahren, ob von uns abgefragt, oder von Ihnen geliefert und erhalten ebenso Auskunft \u00fcber den Zweck der Speicherung. Dieses Recht auf Auskunft ist uneingeschr\u00e4nkt, sie k\u00f6nnen es durch eine Mail an die Betreiber (siehe Kontakt) jederzeit wahrnehmen.<\/p>\n<p>Wenn Sie weitere Fragen in Bezug auf die Speicherung und Verwendung Ihrer personenbezogenen Daten haben, oder Fragen auftreten, die \u00fcber den Umfang dieser Datenschutzerkl\u00e4rung hinausgehen, wenden Sie sich bitte vertrauensvoll an uns. Wir stehen Ihnen jederzeit zur Auskunft und Erl\u00e4uterung zur Verf\u00fcgung.<\/p>\n<p>Datenschutzerkl\u00e4rung f\u00fcr die Nutzung von Google Analytics<\/p>\n<p>Diese Website nutzt Funktionen des Webanalysedienstes Google Analytics. Anbieter ist die Google Inc. 1600 Amphitheatre Parkway Mountain View, CA 94043, USA. Google Analytics verwendet sog. \u201cCookies\u201d. Das sind Textdateien, die auf Ihrem Computer gespeichert werden und die eine Analyse der Benutzung der Website durch Sie erm\u00f6glichen. Die durch den Cookie erzeugten Informationen \u00fcber Ihre Benutzung dieser Website werden in der Regel an einen Server von Google in den USA \u00fcbertragen und dort gespeichert.<\/p>\n<p>Im Falle der Aktivierung der IP-Anonymisierung auf dieser Webseite wird Ihre IP-Adresse von Google jedoch innerhalb von Mitgliedstaaten der Europ\u00e4ischen Union oder in anderen Vertragsstaaten des Abkommens \u00fcber den Europ\u00e4ischen Wirtschaftsraum zuvor gek\u00fcrzt. Nur in Ausnahmef\u00e4llen wird die volle IP-Adresse an einen Server von Google in den USA \u00fcbertragen und dort gek\u00fcrzt. Im Auftrag des Betreibers dieser Website wird Google diese Informationen benutzen, um Ihre Nutzung der Website auszuwerten, um Reports \u00fcber die Websiteaktivit\u00e4ten zusammenzustellen und um weitere mit der Websitenutzung und der Internetnutzung verbundene Dienstleistungen gegen\u00fcber dem Websitebetreiber zu erbringen. Die im Rahmen von Google Analytics von Ihrem Browser \u00fcbermittelte IP-Adresse wird nicht mit anderen Daten von Google zusammengef\u00fchrt.<\/p>\n<p>Sie k\u00f6nnen die Speicherung der Cookies durch eine entsprechende Einstellung Ihrer Browser-Software verhindern; wir weisen Sie jedoch darauf hin, dass Sie in diesem Fall gegebenenfalls nicht s\u00e4mtliche Funktionen dieser Website vollumf\u00e4nglich werden nutzen k\u00f6nnen. Sie k\u00f6nnen dar\u00fcber hinaus die Erfassung der durch das Cookie erzeugten und auf Ihre Nutzung der Website bezogenen Daten (inkl. Ihrer IP-Adresse) an Google sowie die Verarbeitung dieser Daten durch Google verhindern, indem sie das unter dem folgenden Link verf\u00fcgbare Browser-Plugin herunterladen und installieren:\u00a0<a href=\"https:\/\/deref-gmx.net\/mail\/client\/ZCdHM1nPCxk\/dereferrer\/?redirectUrl=http%3A%2F%2Ftools.google.com%2Fdlpage%2Fgaoptout%3Fhl%3Dde\">http:\/\/tools.google.com\/dlpage\/gaoptout?hl=de<\/a><\/p>\n[\/et_pb_text][\/et_pb_column][et_pb_column type=&#8220;1_2&#8243; _builder_version=&#8220;3.25&#8243; custom_padding=&#8220;|||&#8220; custom_padding__hover=&#8220;|||&#8220;][\/et_pb_column][\/et_pb_row][\/et_pb_section]\n\n\n\n","protected":false},"excerpt":{"rendered":"","protected":false},"author":1,"featured_media":0,"parent":0,"menu_order":0,"comment_status":"closed","ping_status":"closed","template":"","meta":{"_et_pb_use_builder":"on","_et_pb_old_content":"","_et_gb_content_width":""},"_links":{"self":[{"href":"https:\/\/kjp-praxis-bonn.de\/index.php?rest_route=\/wp\/v2\/pages\/352"}],"collection":[{"href":"https:\/\/kjp-praxis-bonn.de\/index.php?rest_route=\/wp\/v2\/pages"}],"about":[{"href":"https:\/\/kjp-praxis-bonn.de\/index.php?rest_route=\/wp\/v2\/types\/page"}],"author":[{"embeddable":true,"href":"https:\/\/kjp-praxis-bonn.de\/index.php?rest_route=\/wp\/v2\/users\/1"}],"replies":[{"embeddable":true,"href":"https:\/\/kjp-praxis-bonn.de\/index.php?rest_route=%2Fwp%2Fv2%2Fcomments&post=352"}],"version-history":[{"count":6,"href":"https:\/\/kjp-praxis-bonn.de\/index.php?rest_route=\/wp\/v2\/pages\/352\/revisions"}],"predecessor-version":[{"id":444,"href":"https:\/\/kjp-praxis-bonn.de\/index.php?rest_route=\/wp\/v2\/pages\/352\/revisions\/444"}],"wp:attachment":[{"href":"https:\/\/kjp-praxis-bonn.de\/index.php?rest_route=%2Fwp%2Fv2%2Fmedia&parent=352"}],"curies":[{"name":"wp","href":"https:\/\/api.w.org\/{rel}","templated":true}]}}